{"id":1697,"date":"2024-03-21T14:22:04","date_gmt":"2024-03-21T13:22:04","guid":{"rendered":"https:\/\/pivot.okno-pol.pl\/models\/lineo-harmony\/"},"modified":"2024-04-28T16:29:58","modified_gmt":"2024-04-28T16:29:58","slug":"lineo-harmony","status":"publish","type":"page","link":"https:\/\/pivot.okno-pol.pl\/en\/models\/lineo-harmony\/","title":{"rendered":"Lineo Harmony"},"content":{"rendered":"","protected":false},"excerpt":{"rendered":"","protected":false},"author":1,"featured_media":0,"parent":805,"menu_order":47,"comment_status":"closed","ping_status":"closed","template":"","meta":{"_acf_changed":false,"footnotes":""},"class_list":["post-1697","page","type-page","status-publish","hentry"],"acf":[],"yoast_head":"<!-- This site is optimized with the Yoast SEO plugin v25.9 - https:\/\/yoast.com\/wordpress\/plugins\/seo\/ -->\n<title>Lineo Harmony - Drzwi w systemie PIVOT - Nowy wymiar drzwi | OKNO-POL<\/title>\n<meta name=\"robots\" content=\"index, follow, max-snippet:-1, max-image-preview:large, max-video-preview:-1\" \/>\n<link rel=\"canonical\" href=\"https:\/\/pivot.okno-pol.pl\/en\/models\/lineo-harmony\/\" \/>\n<meta property=\"og:locale\" content=\"en_US\" \/>\n<meta property=\"og:type\" content=\"article\" \/>\n<meta property=\"og:title\" content=\"Lineo Harmony - Drzwi w systemie PIVOT - Nowy wymiar drzwi | OKNO-POL\" \/>\n<meta property=\"og:url\" content=\"https:\/\/pivot.okno-pol.pl\/en\/models\/lineo-harmony\/\" \/>\n<meta property=\"og:site_name\" content=\"Drzwi w systemie PIVOT - Nowy wymiar drzwi | OKNO-POL\" \/>\n<meta property=\"article:modified_time\" content=\"2024-04-28T16:29:58+00:00\" \/>\n<meta name=\"twitter:card\" content=\"summary_large_image\" \/>\n<script type=\"application\/ld+json\" class=\"yoast-schema-graph\">{\"@context\":\"https:\/\/schema.org\",\"@graph\":[{\"@type\":\"WebPage\",\"@id\":\"https:\/\/pivot.okno-pol.pl\/en\/models\/lineo-harmony\/\",\"url\":\"https:\/\/pivot.okno-pol.pl\/en\/models\/lineo-harmony\/\",\"name\":\"Lineo Harmony - Drzwi w systemie PIVOT - Nowy wymiar drzwi | OKNO-POL\",\"isPartOf\":{\"@id\":\"https:\/\/pivot.okno-pol.pl\/en\/#website\"},\"datePublished\":\"2024-03-21T13:22:04+00:00\",\"dateModified\":\"2024-04-28T16:29:58+00:00\",\"breadcrumb\":{\"@id\":\"https:\/\/pivot.okno-pol.pl\/en\/models\/lineo-harmony\/#breadcrumb\"},\"inLanguage\":\"en-US\",\"potentialAction\":[{\"@type\":\"ReadAction\",\"target\":[\"https:\/\/pivot.okno-pol.pl\/en\/models\/lineo-harmony\/\"]}]},{\"@type\":\"BreadcrumbList\",\"@id\":\"https:\/\/pivot.okno-pol.pl\/en\/models\/lineo-harmony\/#breadcrumb\",\"itemListElement\":[{\"@type\":\"ListItem\",\"position\":1,\"name\":\"Strona g\u0142\u00f3wna\",\"item\":\"https:\/\/pivot.okno-pol.pl\/en\/\"},{\"@type\":\"ListItem\",\"position\":2,\"name\":\"Models\",\"item\":\"https:\/\/pivot.okno-pol.pl\/en\/modele\/\"},{\"@type\":\"ListItem\",\"position\":3,\"name\":\"Lineo Harmony\"}]},{\"@type\":\"WebSite\",\"@id\":\"https:\/\/pivot.okno-pol.pl\/en\/#website\",\"url\":\"https:\/\/pivot.okno-pol.pl\/en\/\",\"name\":\"Drzwi w systemie PIVOT - Nowy wymiar drzwi | OKNO-POL\",\"description\":\"Solidne, trwa\u0142e i eleganckie drzwi pivotowe \u2013 idealne zar\u00f3wno do nowoczesnych dom\u00f3w, jak i budynk\u00f3w o klasycznej stylistyce.\",\"potentialAction\":[{\"@type\":\"SearchAction\",\"target\":{\"@type\":\"EntryPoint\",\"urlTemplate\":\"https:\/\/pivot.okno-pol.pl\/en\/?s={search_term_string}\"},\"query-input\":{\"@type\":\"PropertyValueSpecification\",\"valueRequired\":true,\"valueName\":\"search_term_string\"}}],\"inLanguage\":\"en-US\"}]}<\/script>\n<!-- \/ Yoast SEO plugin. -->","yoast_head_json":{"title":"Lineo Harmony - Drzwi w systemie PIVOT - Nowy wymiar drzwi | OKNO-POL","robots":{"index":"index","follow":"follow","max-snippet":"max-snippet:-1","max-image-preview":"max-image-preview:large","max-video-preview":"max-video-preview:-1"},"canonical":"https:\/\/pivot.okno-pol.pl\/en\/models\/lineo-harmony\/","og_locale":"en_US","og_type":"article","og_title":"Lineo Harmony - Drzwi w systemie PIVOT - Nowy wymiar drzwi | OKNO-POL","og_url":"https:\/\/pivot.okno-pol.pl\/en\/models\/lineo-harmony\/","og_site_name":"Drzwi w systemie PIVOT - Nowy wymiar drzwi | OKNO-POL","article_modified_time":"2024-04-28T16:29:58+00:00","twitter_card":"summary_large_image","schema":{"@context":"https:\/\/schema.org","@graph":[{"@type":"WebPage","@id":"https:\/\/pivot.okno-pol.pl\/en\/models\/lineo-harmony\/","url":"https:\/\/pivot.okno-pol.pl\/en\/models\/lineo-harmony\/","name":"Lineo Harmony - Drzwi w systemie PIVOT - Nowy wymiar drzwi | OKNO-POL","isPartOf":{"@id":"https:\/\/pivot.okno-pol.pl\/en\/#website"},"datePublished":"2024-03-21T13:22:04+00:00","dateModified":"2024-04-28T16:29:58+00:00","breadcrumb":{"@id":"https:\/\/pivot.okno-pol.pl\/en\/models\/lineo-harmony\/#breadcrumb"},"inLanguage":"en-US","potentialAction":[{"@type":"ReadAction","target":["https:\/\/pivot.okno-pol.pl\/en\/models\/lineo-harmony\/"]}]},{"@type":"BreadcrumbList","@id":"https:\/\/pivot.okno-pol.pl\/en\/models\/lineo-harmony\/#breadcrumb","itemListElement":[{"@type":"ListItem","position":1,"name":"Strona g\u0142\u00f3wna","item":"https:\/\/pivot.okno-pol.pl\/en\/"},{"@type":"ListItem","position":2,"name":"Models","item":"https:\/\/pivot.okno-pol.pl\/en\/modele\/"},{"@type":"ListItem","position":3,"name":"Lineo Harmony"}]},{"@type":"WebSite","@id":"https:\/\/pivot.okno-pol.pl\/en\/#website","url":"https:\/\/pivot.okno-pol.pl\/en\/","name":"Drzwi w systemie PIVOT - Nowy wymiar drzwi | OKNO-POL","description":"Solidne, trwa\u0142e i eleganckie drzwi pivotowe \u2013 idealne zar\u00f3wno do nowoczesnych dom\u00f3w, jak i budynk\u00f3w o klasycznej stylistyce.","potentialAction":[{"@type":"SearchAction","target":{"@type":"EntryPoint","urlTemplate":"https:\/\/pivot.okno-pol.pl\/en\/?s={search_term_string}"},"query-input":{"@type":"PropertyValueSpecification","valueRequired":true,"valueName":"search_term_string"}}],"inLanguage":"en-US"}]}},"_links":{"self":[{"href":"https:\/\/pivot.okno-pol.pl\/en\/wp-json\/wp\/v2\/pages\/1697","targetHints":{"allow":["GET"]}}],"collection":[{"href":"https:\/\/pivot.okno-pol.pl\/en\/wp-json\/wp\/v2\/pages"}],"about":[{"href":"https:\/\/pivot.okno-pol.pl\/en\/wp-json\/wp\/v2\/types\/page"}],"author":[{"embeddable":true,"href":"https:\/\/pivot.okno-pol.pl\/en\/wp-json\/wp\/v2\/users\/1"}],"replies":[{"embeddable":true,"href":"https:\/\/pivot.okno-pol.pl\/en\/wp-json\/wp\/v2\/comments?post=1697"}],"version-history":[{"count":3,"href":"https:\/\/pivot.okno-pol.pl\/en\/wp-json\/wp\/v2\/pages\/1697\/revisions"}],"predecessor-version":[{"id":1747,"href":"https:\/\/pivot.okno-pol.pl\/en\/wp-json\/wp\/v2\/pages\/1697\/revisions\/1747"}],"up":[{"embeddable":true,"href":"https:\/\/pivot.okno-pol.pl\/en\/wp-json\/wp\/v2\/pages\/805"}],"wp:attachment":[{"href":"https:\/\/pivot.okno-pol.pl\/en\/wp-json\/wp\/v2\/media?parent=1697"}],"curies":[{"name":"wp","href":"https:\/\/api.w.org\/{rel}","templated":true}]}}