{"id":2246,"date":"2024-03-20T17:43:02","date_gmt":"2024-03-20T16:43:02","guid":{"rendered":"https:\/\/pivot.okno-pol.pl\/kontakt\/"},"modified":"2025-01-13T12:54:20","modified_gmt":"2025-01-13T11:54:20","slug":"kontakt","status":"publish","type":"page","link":"https:\/\/pivot.okno-pol.pl\/fr\/kontakt\/","title":{"rendered":"Contactez-nous"},"content":{"rendered":"<p>tre\u015b\u0107<\/p>\n","protected":false},"excerpt":{"rendered":"<p>tre\u015b\u0107<\/p>\n","protected":false},"author":1,"featured_media":0,"parent":0,"menu_order":3,"comment_status":"closed","ping_status":"closed","template":"","meta":{"_acf_changed":false,"footnotes":""},"class_list":["post-2246","page","type-page","status-publish","hentry"],"acf":[],"yoast_head":"<!-- This site is optimized with the Yoast SEO plugin v25.9 - https:\/\/yoast.com\/wordpress\/plugins\/seo\/ -->\n<title>Contactez-nous - Drzwi w systemie PIVOT - Nowy wymiar drzwi | OKNO-POL<\/title>\n<meta name=\"robots\" content=\"index, follow, max-snippet:-1, max-image-preview:large, max-video-preview:-1\" \/>\n<link rel=\"canonical\" href=\"https:\/\/pivot.okno-pol.pl\/fr\/kontakt\/\" \/>\n<meta property=\"og:locale\" content=\"fr_FR\" \/>\n<meta property=\"og:type\" content=\"article\" \/>\n<meta property=\"og:title\" content=\"Contactez-nous - Drzwi w systemie PIVOT - Nowy wymiar drzwi | OKNO-POL\" \/>\n<meta property=\"og:description\" content=\"tre\u015b\u0107\" \/>\n<meta property=\"og:url\" content=\"https:\/\/pivot.okno-pol.pl\/fr\/kontakt\/\" \/>\n<meta property=\"og:site_name\" content=\"Drzwi w systemie PIVOT - Nowy wymiar drzwi | OKNO-POL\" \/>\n<meta property=\"article:modified_time\" content=\"2025-01-13T11:54:20+00:00\" \/>\n<meta name=\"twitter:card\" content=\"summary_large_image\" \/>\n<meta name=\"twitter:label1\" content=\"Dur\u00e9e de lecture estim\u00e9e\" \/>\n\t<meta name=\"twitter:data1\" content=\"1 minute\" \/>\n<script type=\"application\/ld+json\" class=\"yoast-schema-graph\">{\"@context\":\"https:\/\/schema.org\",\"@graph\":[{\"@type\":\"WebPage\",\"@id\":\"https:\/\/pivot.okno-pol.pl\/fr\/kontakt\/\",\"url\":\"https:\/\/pivot.okno-pol.pl\/fr\/kontakt\/\",\"name\":\"Contactez-nous - Drzwi w systemie PIVOT - Nowy wymiar drzwi | OKNO-POL\",\"isPartOf\":{\"@id\":\"https:\/\/pivot.okno-pol.pl\/fr\/#website\"},\"datePublished\":\"2024-03-20T16:43:02+00:00\",\"dateModified\":\"2025-01-13T11:54:20+00:00\",\"breadcrumb\":{\"@id\":\"https:\/\/pivot.okno-pol.pl\/fr\/kontakt\/#breadcrumb\"},\"inLanguage\":\"fr-FR\",\"potentialAction\":[{\"@type\":\"ReadAction\",\"target\":[\"https:\/\/pivot.okno-pol.pl\/fr\/kontakt\/\"]}]},{\"@type\":\"BreadcrumbList\",\"@id\":\"https:\/\/pivot.okno-pol.pl\/fr\/kontakt\/#breadcrumb\",\"itemListElement\":[{\"@type\":\"ListItem\",\"position\":1,\"name\":\"Strona g\u0142\u00f3wna\",\"item\":\"https:\/\/pivot.okno-pol.pl\/fr\/\"},{\"@type\":\"ListItem\",\"position\":2,\"name\":\"Contactez-nous\"}]},{\"@type\":\"WebSite\",\"@id\":\"https:\/\/pivot.okno-pol.pl\/fr\/#website\",\"url\":\"https:\/\/pivot.okno-pol.pl\/fr\/\",\"name\":\"Drzwi w systemie PIVOT - Nowy wymiar drzwi | OKNO-POL\",\"description\":\"Solidne, trwa\u0142e i eleganckie drzwi pivotowe \u2013 idealne zar\u00f3wno do nowoczesnych dom\u00f3w, jak i budynk\u00f3w o klasycznej stylistyce.\",\"potentialAction\":[{\"@type\":\"SearchAction\",\"target\":{\"@type\":\"EntryPoint\",\"urlTemplate\":\"https:\/\/pivot.okno-pol.pl\/fr\/?s={search_term_string}\"},\"query-input\":{\"@type\":\"PropertyValueSpecification\",\"valueRequired\":true,\"valueName\":\"search_term_string\"}}],\"inLanguage\":\"fr-FR\"}]}<\/script>\n<!-- \/ Yoast SEO plugin. -->","yoast_head_json":{"title":"Contactez-nous - Drzwi w systemie PIVOT - Nowy wymiar drzwi | OKNO-POL","robots":{"index":"index","follow":"follow","max-snippet":"max-snippet:-1","max-image-preview":"max-image-preview:large","max-video-preview":"max-video-preview:-1"},"canonical":"https:\/\/pivot.okno-pol.pl\/fr\/kontakt\/","og_locale":"fr_FR","og_type":"article","og_title":"Contactez-nous - Drzwi w systemie PIVOT - Nowy wymiar drzwi | OKNO-POL","og_description":"tre\u015b\u0107","og_url":"https:\/\/pivot.okno-pol.pl\/fr\/kontakt\/","og_site_name":"Drzwi w systemie PIVOT - Nowy wymiar drzwi | OKNO-POL","article_modified_time":"2025-01-13T11:54:20+00:00","twitter_card":"summary_large_image","twitter_misc":{"Dur\u00e9e de lecture estim\u00e9e":"1 minute"},"schema":{"@context":"https:\/\/schema.org","@graph":[{"@type":"WebPage","@id":"https:\/\/pivot.okno-pol.pl\/fr\/kontakt\/","url":"https:\/\/pivot.okno-pol.pl\/fr\/kontakt\/","name":"Contactez-nous - Drzwi w systemie PIVOT - Nowy wymiar drzwi | OKNO-POL","isPartOf":{"@id":"https:\/\/pivot.okno-pol.pl\/fr\/#website"},"datePublished":"2024-03-20T16:43:02+00:00","dateModified":"2025-01-13T11:54:20+00:00","breadcrumb":{"@id":"https:\/\/pivot.okno-pol.pl\/fr\/kontakt\/#breadcrumb"},"inLanguage":"fr-FR","potentialAction":[{"@type":"ReadAction","target":["https:\/\/pivot.okno-pol.pl\/fr\/kontakt\/"]}]},{"@type":"BreadcrumbList","@id":"https:\/\/pivot.okno-pol.pl\/fr\/kontakt\/#breadcrumb","itemListElement":[{"@type":"ListItem","position":1,"name":"Strona g\u0142\u00f3wna","item":"https:\/\/pivot.okno-pol.pl\/fr\/"},{"@type":"ListItem","position":2,"name":"Contactez-nous"}]},{"@type":"WebSite","@id":"https:\/\/pivot.okno-pol.pl\/fr\/#website","url":"https:\/\/pivot.okno-pol.pl\/fr\/","name":"Drzwi w systemie PIVOT - Nowy wymiar drzwi | OKNO-POL","description":"Solidne, trwa\u0142e i eleganckie drzwi pivotowe \u2013 idealne zar\u00f3wno do nowoczesnych dom\u00f3w, jak i budynk\u00f3w o klasycznej stylistyce.","potentialAction":[{"@type":"SearchAction","target":{"@type":"EntryPoint","urlTemplate":"https:\/\/pivot.okno-pol.pl\/fr\/?s={search_term_string}"},"query-input":{"@type":"PropertyValueSpecification","valueRequired":true,"valueName":"search_term_string"}}],"inLanguage":"fr-FR"}]}},"_links":{"self":[{"href":"https:\/\/pivot.okno-pol.pl\/fr\/wp-json\/wp\/v2\/pages\/2246","targetHints":{"allow":["GET"]}}],"collection":[{"href":"https:\/\/pivot.okno-pol.pl\/fr\/wp-json\/wp\/v2\/pages"}],"about":[{"href":"https:\/\/pivot.okno-pol.pl\/fr\/wp-json\/wp\/v2\/types\/page"}],"author":[{"embeddable":true,"href":"https:\/\/pivot.okno-pol.pl\/fr\/wp-json\/wp\/v2\/users\/1"}],"replies":[{"embeddable":true,"href":"https:\/\/pivot.okno-pol.pl\/fr\/wp-json\/wp\/v2\/comments?post=2246"}],"version-history":[{"count":6,"href":"https:\/\/pivot.okno-pol.pl\/fr\/wp-json\/wp\/v2\/pages\/2246\/revisions"}],"predecessor-version":[{"id":3119,"href":"https:\/\/pivot.okno-pol.pl\/fr\/wp-json\/wp\/v2\/pages\/2246\/revisions\/3119"}],"wp:attachment":[{"href":"https:\/\/pivot.okno-pol.pl\/fr\/wp-json\/wp\/v2\/media?parent=2246"}],"curies":[{"name":"wp","href":"https:\/\/api.w.org\/{rel}","templated":true}]}}